{"id":165,"date":"2026-03-29T12:00:43","date_gmt":"2026-03-29T10:00:43","guid":{"rendered":"https:\/\/bllmsjd.cluster027.hosting.ovh.net\/?page_id=165"},"modified":"2026-03-29T12:34:30","modified_gmt":"2026-03-29T10:34:30","slug":"bienvenue","status":"publish","type":"page","link":"https:\/\/www.cvso.fr\/","title":{"rendered":"Bienvenue"},"content":{"rendered":"<h1 style=\"text-align: center;\">Bienvenue sur le site du <br \/>Collegium Vocale Strasbourg Ortenau .<\/h1>\r\n\r\n<p><strong>Notre prochain concert: <br \/><\/strong><\/p>\r\n<p><img loading=\"lazy\" decoding=\"async\" class=\"alignnone size-large wp-image-807\" src=\"https:\/\/www.cvso.fr\/wp-content\/uploads\/2026\/03\/Messe-en-si-de-Bach-KEHL-Samedi-9-mai-a-19-heures-scaled.jpg\" alt=\"\" width=\"852\" height=\"1028\" \/><\/p>\r\n<p><span style=\"color: #ff0000;\">\u00a0 (Voir la page de\u00a0<a href=\"https:\/\/www.cvso.fr\/?p=270\" target=\"_blank\" rel=\"noopener\">nos projets de concerts<\/a>)<\/span><\/p>\r\n<h3>Qui sommes nous ?<\/h3>\r\n<p>Un choeur d&rsquo;une soixantaine de membres, franco-allemand, car en partenariat d\u00e8s l&rsquo;origine avec la Singakademie Ortenau. Nous pr\u00e9sentons en g\u00e9n\u00e9ral un concert deux fois par an de chaque c\u00f4t\u00e9 du Rhin. Notre chef Olaf Futterer nous fait d\u00e9couvrir les grandes oeuvres chorales de la musique classique.<\/p>\r\n<p>Pour en savoir plus, faites donc un petit tour sur notre site en visitant les diff\u00e9rentes rubriques indiqu\u00e9es en haut de page. Et si le c(h)oeur vous en dit, si vous aimez chanter, n&rsquo;h\u00e9sitez pas \u00e0 venir nous rejoindre, nous recrutons!<\/p>\r\n<p>\r\n\r\n<\/p>\r\n<p>&nbsp;<\/p>\r\n<p>Vous pouvez faire part de vos remarques ici: <a href=\"mailto:webmaster@cvso.fr?subject=a%20propos%20du%20site%20CVSO%20Fr%20:\">webmestre <\/a><\/p>\r\n<p><\/p>","protected":false},"excerpt":{"rendered":"<p>Bienvenue sur le site du Collegium Vocale Strasbourg Ortenau . Notre prochain concert: \u00a0 (Voir la page de\u00a0nos projets de concerts) Qui sommes nous ? Un choeur d&rsquo;une soixantaine de membres, franco-allemand, car en partenariat d\u00e8s l&rsquo;origine avec la Singakademie Ortenau. Nous pr\u00e9sentons en g\u00e9n\u00e9ral un concert deux fois par<\/p>\n","protected":false},"author":1,"featured_media":0,"parent":0,"menu_order":0,"comment_status":"closed","ping_status":"closed","template":"","meta":{"footnotes":""},"class_list":["post-165","page","type-page","status-publish","hentry"],"yoast_head":"<!-- This site is optimized with the Yoast SEO plugin v27.2 - https:\/\/yoast.com\/product\/yoast-seo-wordpress\/ -->\n<title>Bienvenue - Collegium Vocale Strasbourg Ortenau<\/title>\n<meta name=\"robots\" content=\"index, follow, max-snippet:-1, max-image-preview:large, max-video-preview:-1\" \/>\n<link rel=\"canonical\" href=\"https:\/\/www.cvso.fr\/\" \/>\n<meta property=\"og:locale\" content=\"fr_FR\" \/>\n<meta property=\"og:type\" content=\"article\" \/>\n<meta property=\"og:title\" content=\"Bienvenue - Collegium Vocale Strasbourg Ortenau\" \/>\n<meta property=\"og:description\" content=\"Bienvenue sur le site du Collegium Vocale Strasbourg Ortenau . Notre prochain concert: \u00a0 (Voir la page de\u00a0nos projets de concerts) Qui sommes nous ? Un choeur d&rsquo;une soixantaine de membres, franco-allemand, car en partenariat d\u00e8s l&rsquo;origine avec la Singakademie Ortenau. Nous pr\u00e9sentons en g\u00e9n\u00e9ral un concert deux fois par\" \/>\n<meta property=\"og:url\" content=\"https:\/\/www.cvso.fr\/\" \/>\n<meta property=\"og:site_name\" content=\"Collegium Vocale Strasbourg Ortenau\" \/>\n<meta property=\"article:modified_time\" content=\"2026-03-29T10:34:30+00:00\" \/>\n<meta property=\"og:image\" content=\"https:\/\/www.cvso.fr\/wp-content\/uploads\/2024\/10\/Concert-Bruckner-Strasbourg-Dimanche-17-novembre-2024-17h_Court.jpg\" \/>\n\t<meta property=\"og:image:width\" content=\"852\" \/>\n\t<meta property=\"og:image:height\" content=\"1028\" \/>\n\t<meta property=\"og:image:type\" content=\"image\/jpeg\" \/>\n<meta name=\"twitter:card\" content=\"summary_large_image\" \/>\n<meta name=\"twitter:label1\" content=\"Dur\u00e9e de lecture estim\u00e9e\" \/>\n\t<meta name=\"twitter:data1\" content=\"1 minute\" \/>\n<script type=\"application\/ld+json\" class=\"yoast-schema-graph\">{\"@context\":\"https:\/\/schema.org\",\"@graph\":[{\"@type\":\"WebPage\",\"@id\":\"https:\/\/www.cvso.fr\/\",\"url\":\"https:\/\/www.cvso.fr\/\",\"name\":\"Bienvenue - Collegium Vocale Strasbourg Ortenau\",\"isPartOf\":{\"@id\":\"https:\/\/www.cvso.fr\/#website\"},\"primaryImageOfPage\":{\"@id\":\"https:\/\/www.cvso.fr\/#primaryimage\"},\"image\":{\"@id\":\"https:\/\/www.cvso.fr\/#primaryimage\"},\"thumbnailUrl\":\"https:\/\/www.cvso.fr\/wp-content\/uploads\/2026\/03\/Messe-en-si-de-Bach-KEHL-Samedi-9-mai-a-19-heures-scaled.jpg\",\"datePublished\":\"2026-03-29T10:00:43+00:00\",\"dateModified\":\"2026-03-29T10:34:30+00:00\",\"breadcrumb\":{\"@id\":\"https:\/\/www.cvso.fr\/#breadcrumb\"},\"inLanguage\":\"fr-FR\",\"potentialAction\":[{\"@type\":\"ReadAction\",\"target\":[\"https:\/\/www.cvso.fr\/\"]}]},{\"@type\":\"ImageObject\",\"inLanguage\":\"fr-FR\",\"@id\":\"https:\/\/www.cvso.fr\/#primaryimage\",\"url\":\"https:\/\/www.cvso.fr\/wp-content\/uploads\/2024\/10\/Concert-Bruckner-Strasbourg-Dimanche-17-novembre-2024-17h_Court.jpg\",\"contentUrl\":\"https:\/\/www.cvso.fr\/wp-content\/uploads\/2024\/10\/Concert-Bruckner-Strasbourg-Dimanche-17-novembre-2024-17h_Court.jpg\",\"width\":852,\"height\":1028},{\"@type\":\"BreadcrumbList\",\"@id\":\"https:\/\/www.cvso.fr\/#breadcrumb\",\"itemListElement\":[{\"@type\":\"ListItem\",\"position\":1,\"name\":\"Accueil\",\"item\":\"https:\/\/www.cvso.fr\/\"},{\"@type\":\"ListItem\",\"position\":2,\"name\":\"Bienvenue\"}]},{\"@type\":\"WebSite\",\"@id\":\"https:\/\/www.cvso.fr\/#website\",\"url\":\"https:\/\/www.cvso.fr\/\",\"name\":\"Collegium Vocale Strasbourg Ortenau\",\"description\":\"En avant la musique!\",\"potentialAction\":[{\"@type\":\"SearchAction\",\"target\":{\"@type\":\"EntryPoint\",\"urlTemplate\":\"https:\/\/www.cvso.fr\/?s={search_term_string}\"},\"query-input\":{\"@type\":\"PropertyValueSpecification\",\"valueRequired\":true,\"valueName\":\"search_term_string\"}}],\"inLanguage\":\"fr-FR\"}]}<\/script>\n<!-- \/ Yoast SEO plugin. -->","yoast_head_json":{"title":"Bienvenue - Collegium Vocale Strasbourg Ortenau","robots":{"index":"index","follow":"follow","max-snippet":"max-snippet:-1","max-image-preview":"max-image-preview:large","max-video-preview":"max-video-preview:-1"},"canonical":"https:\/\/www.cvso.fr\/","og_locale":"fr_FR","og_type":"article","og_title":"Bienvenue - Collegium Vocale Strasbourg Ortenau","og_description":"Bienvenue sur le site du Collegium Vocale Strasbourg Ortenau . Notre prochain concert: \u00a0 (Voir la page de\u00a0nos projets de concerts) Qui sommes nous ? Un choeur d&rsquo;une soixantaine de membres, franco-allemand, car en partenariat d\u00e8s l&rsquo;origine avec la Singakademie Ortenau. Nous pr\u00e9sentons en g\u00e9n\u00e9ral un concert deux fois par","og_url":"https:\/\/www.cvso.fr\/","og_site_name":"Collegium Vocale Strasbourg Ortenau","article_modified_time":"2026-03-29T10:34:30+00:00","og_image":[{"width":852,"height":1028,"url":"https:\/\/www.cvso.fr\/wp-content\/uploads\/2024\/10\/Concert-Bruckner-Strasbourg-Dimanche-17-novembre-2024-17h_Court.jpg","type":"image\/jpeg"}],"twitter_card":"summary_large_image","twitter_misc":{"Dur\u00e9e de lecture estim\u00e9e":"1 minute"},"schema":{"@context":"https:\/\/schema.org","@graph":[{"@type":"WebPage","@id":"https:\/\/www.cvso.fr\/","url":"https:\/\/www.cvso.fr\/","name":"Bienvenue - Collegium Vocale Strasbourg Ortenau","isPartOf":{"@id":"https:\/\/www.cvso.fr\/#website"},"primaryImageOfPage":{"@id":"https:\/\/www.cvso.fr\/#primaryimage"},"image":{"@id":"https:\/\/www.cvso.fr\/#primaryimage"},"thumbnailUrl":"https:\/\/www.cvso.fr\/wp-content\/uploads\/2026\/03\/Messe-en-si-de-Bach-KEHL-Samedi-9-mai-a-19-heures-scaled.jpg","datePublished":"2026-03-29T10:00:43+00:00","dateModified":"2026-03-29T10:34:30+00:00","breadcrumb":{"@id":"https:\/\/www.cvso.fr\/#breadcrumb"},"inLanguage":"fr-FR","potentialAction":[{"@type":"ReadAction","target":["https:\/\/www.cvso.fr\/"]}]},{"@type":"ImageObject","inLanguage":"fr-FR","@id":"https:\/\/www.cvso.fr\/#primaryimage","url":"https:\/\/www.cvso.fr\/wp-content\/uploads\/2024\/10\/Concert-Bruckner-Strasbourg-Dimanche-17-novembre-2024-17h_Court.jpg","contentUrl":"https:\/\/www.cvso.fr\/wp-content\/uploads\/2024\/10\/Concert-Bruckner-Strasbourg-Dimanche-17-novembre-2024-17h_Court.jpg","width":852,"height":1028},{"@type":"BreadcrumbList","@id":"https:\/\/www.cvso.fr\/#breadcrumb","itemListElement":[{"@type":"ListItem","position":1,"name":"Accueil","item":"https:\/\/www.cvso.fr\/"},{"@type":"ListItem","position":2,"name":"Bienvenue"}]},{"@type":"WebSite","@id":"https:\/\/www.cvso.fr\/#website","url":"https:\/\/www.cvso.fr\/","name":"Collegium Vocale Strasbourg Ortenau","description":"En avant la musique!","potentialAction":[{"@type":"SearchAction","target":{"@type":"EntryPoint","urlTemplate":"https:\/\/www.cvso.fr\/?s={search_term_string}"},"query-input":{"@type":"PropertyValueSpecification","valueRequired":true,"valueName":"search_term_string"}}],"inLanguage":"fr-FR"}]}},"_links":{"self":[{"href":"https:\/\/www.cvso.fr\/index.php?rest_route=\/wp\/v2\/pages\/165","targetHints":{"allow":["GET"]}}],"collection":[{"href":"https:\/\/www.cvso.fr\/index.php?rest_route=\/wp\/v2\/pages"}],"about":[{"href":"https:\/\/www.cvso.fr\/index.php?rest_route=\/wp\/v2\/types\/page"}],"author":[{"embeddable":true,"href":"https:\/\/www.cvso.fr\/index.php?rest_route=\/wp\/v2\/users\/1"}],"replies":[{"embeddable":true,"href":"https:\/\/www.cvso.fr\/index.php?rest_route=%2Fwp%2Fv2%2Fcomments&post=165"}],"version-history":[{"count":14,"href":"https:\/\/www.cvso.fr\/index.php?rest_route=\/wp\/v2\/pages\/165\/revisions"}],"predecessor-version":[{"id":1041,"href":"https:\/\/www.cvso.fr\/index.php?rest_route=\/wp\/v2\/pages\/165\/revisions\/1041"}],"wp:attachment":[{"href":"https:\/\/www.cvso.fr\/index.php?rest_route=%2Fwp%2Fv2%2Fmedia&parent=165"}],"curies":[{"name":"wp","href":"https:\/\/api.w.org\/{rel}","templated":true}]}}