{"id":451,"date":"2024-09-11T11:35:56","date_gmt":"2024-09-11T09:35:56","guid":{"rendered":"https:\/\/www.cvso.fr\/?page_id=451"},"modified":"2025-11-22T11:17:04","modified_gmt":"2025-11-22T10:17:04","slug":"nos-concerts-passes","status":"publish","type":"page","link":"https:\/\/www.cvso.fr\/?page_id=451","title":{"rendered":"Nos concerts pass\u00e9s"},"content":{"rendered":"<p><img loading=\"lazy\" decoding=\"async\" class=\"size-medium wp-image-609 alignleft\" src=\"https:\/\/www.cvso.fr\/wp-content\/uploads\/2025\/11\/Annonce-Paulus.jpg\" alt=\"\" width=\"400\" height=\"261\" \/><br \/>\nNovembre 2025:<br \/>\n<strong>L&rsquo;oratorio \u00ab\u00a0Paulus\u00a0\u00bb de Felix Mendelssohn. <\/strong><\/p>\n<p><a href=\"https:\/\/www.cvso.fr\/?page_id=989\">D\u00e9tails &#8211; presse &#8211; vid\u00e9os<\/a><\/p>\n<p><img loading=\"lazy\" decoding=\"async\" class=\"\" src=\"https:\/\/www.cvso.fr\/wp-content\/uploads\/2023\/03\/separation.png\" width=\"737\" height=\"7\" \/><\/p>\n<p><img loading=\"lazy\" decoding=\"async\" class=\"size-medium wp-image-609 alignleft\" src=\"https:\/\/www.cvso.fr\/wp-content\/uploads\/2025\/04\/Affiche-Franck-Haydn-Reduite.jpg\" alt=\"\" width=\"400\" height=\"274\" \/><br \/>\nAvril 2025:<br \/>\n<strong>C\u00e9sar Franck et Joseph Haydn. <\/strong><\/p>\n<p><a href=\"https:\/\/www.cvso.fr\/?page_id=905\">D\u00e9tails (presse et vid\u00e9os)<\/a><\/p>\n<p><img loading=\"lazy\" decoding=\"async\" class=\"\" src=\"https:\/\/www.cvso.fr\/wp-content\/uploads\/2023\/03\/separation.png\" width=\"737\" height=\"7\" \/><\/p>\n<p><img loading=\"lazy\" decoding=\"async\" class=\"size-medium wp-image-609 alignleft\" src=\"https:\/\/www.cvso.fr\/wp-content\/uploads\/2024\/12\/Concert-Bruckner-Strasbourg-Dimanche-17-novembre-2024-17h_Comprimee.jpg\" alt=\"\" width=\"400\" height=\"280\" \/><br \/>\nNovembre 2024:<br \/>\n<strong>Anton Bruckner a 200ans. <\/strong><br \/>\n<a href=\"https:\/\/www.cvso.fr\/?page_id=825\">D\u00e9tails et extraits vid\u00e9os<\/a><\/p>\n<p><img loading=\"lazy\" decoding=\"async\" class=\"\" src=\"https:\/\/www.cvso.fr\/wp-content\/uploads\/2023\/03\/separation.png\" width=\"737\" height=\"7\" \/><\/p>\n<p><img loading=\"lazy\" decoding=\"async\" class=\"size-medium wp-image-609 alignleft\" src=\"https:\/\/www.cvso.fr\/wp-content\/uploads\/2024\/09\/affiche_Prague_22_09_2024_Compressee.jpg\" alt=\"\" width=\"400\" height=\"250\" \/><\/p>\n<p>Septembre 2024:<\/p>\n<p><strong>Concerts en Tch\u00e9quie<\/strong><\/p>\n<p><a href=\"https:\/\/www.cvso.fr\/?page_id=784\">Voir D\u00e9tails<\/a><\/p>\n<p><img loading=\"lazy\" decoding=\"async\" class=\"\" src=\"https:\/\/www.cvso.fr\/wp-content\/uploads\/2023\/03\/separation.png\" width=\"737\" height=\"7\" \/><\/p>\n<p><img loading=\"lazy\" decoding=\"async\" class=\"size-medium wp-image-609 alignleft\" src=\"https:\/\/www.cvso.fr\/wp-content\/uploads\/2024\/09\/Programme-Concert-du-5-mai-a-Ebersmunster_400.jpg\" alt=\"\" width=\"400\" height=\"242\" \/><\/p>\n<p>Mai 2024:<\/p>\n<p><strong>\u00ab\u00a0Sunrise\u00a0\u00bb<\/strong><\/p>\n<p><a href=\"https:\/\/www.cvso.fr\/?page_id=734\">Voir D\u00e9tails<\/a><\/p>\n<p><img loading=\"lazy\" decoding=\"async\" class=\"\" src=\"https:\/\/www.cvso.fr\/wp-content\/uploads\/2023\/03\/separation.png\" width=\"737\" height=\"7\" \/><\/p>\n<p><img loading=\"lazy\" decoding=\"async\" class=\"size-medium wp-image-609 alignleft\" src=\"https:\/\/www.cvso.fr\/wp-content\/uploads\/2024\/09\/Concert-Stabat-Mater-de-Dvorak-24-mars-400.jpg\" alt=\"\" width=\"400\" height=\"242\" \/><\/p>\n<p>Mars 2024:<\/p>\n<p><strong>\u00ab\u00a0Stabat Mater d&rsquo;A. Dvo\u0159\u00e1k\u00a0\u00bb<\/strong><\/p>\n<p><a href=\"https:\/\/www.cvso.fr\/?page_id=728\">D\u00e9tails et commentaire des DNA.<\/a><\/p>\n<p><img loading=\"lazy\" decoding=\"async\" class=\"\" src=\"https:\/\/www.cvso.fr\/wp-content\/uploads\/2023\/03\/separation.png\" width=\"737\" height=\"7\" \/><\/p>\n<p><img loading=\"lazy\" decoding=\"async\" class=\"size-medium wp-image-609 alignleft\" src=\"https:\/\/www.cvso.fr\/wp-content\/uploads\/2023\/12\/Concert-Samedi-16-Oratorio-de-Noel_400x290.jpg\" alt=\"\" width=\"400\" height=\"254\" \/><\/p>\n<p>D\u00e9cembre 2023:<\/p>\n<p><strong>\u00ab\u00a0Oratorio de No\u00ebl\u00a0\u00bb<\/strong><\/p>\n<p><a href=\"https:\/\/www.cvso.fr\/?page_id=664\">D\u00e9tails et annonce dans les DNA.<\/a><\/p>\n<p><img loading=\"lazy\" decoding=\"async\" class=\"\" src=\"https:\/\/www.cvso.fr\/wp-content\/uploads\/2023\/03\/separation.png\" width=\"737\" height=\"7\" \/><br \/>\n<img loading=\"lazy\" decoding=\"async\" class=\"size-medium wp-image-609 alignleft\" src=\"https:\/\/www.cvso.fr\/wp-content\/uploads\/2023\/12\/F2_Tod-und-Auferstehung_400x304.jpg\" alt=\"\" width=\"400\" height=\"254\" \/><\/p>\n<p>Novembre 2023:<\/p>\n<p><strong>\u00ab\u00a0Mort et R\u00e9surrection\u00a0\u00bb<\/strong><\/p>\n<p><a href=\"https:\/\/www.cvso.fr\/?page_id=641\">D\u00e9tails et annonce dans les DNA.<\/a><\/p>\n<p><img loading=\"lazy\" decoding=\"async\" class=\"\" src=\"https:\/\/www.cvso.fr\/wp-content\/uploads\/2023\/03\/separation.png\" width=\"737\" height=\"7\" \/><br \/>\n<img loading=\"lazy\" decoding=\"async\" class=\"size-medium wp-image-609 alignleft\" src=\"https:\/\/www.cvso.fr\/wp-content\/uploads\/2023\/10\/3Te-Deum-pour-Europe-400x254.jpg\" alt=\"\" width=\"400\" height=\"254\" srcset=\"https:\/\/www.cvso.fr\/wp-content\/uploads\/2023\/10\/3Te-Deum-pour-Europe-400x254.jpg 400w, https:\/\/www.cvso.fr\/wp-content\/uploads\/2023\/10\/3Te-Deum-pour-Europe.jpg 587w\" sizes=\"auto, (max-width: 400px) 100vw, 400px\" \/><\/p>\n<p>Mai 2023 et Juillet 2023:<\/p>\n<p><strong>\u00ab\u00a0Trois Te Deum pour l&rsquo;Europe\u00a0\u00bb<\/strong><\/p>\n<p><a href=\"https:\/\/www.cvso.fr\/?page_id=596\">D\u00e9tails ici.<\/a><\/p>\n<p><img loading=\"lazy\" decoding=\"async\" class=\"\" src=\"https:\/\/www.cvso.fr\/wp-content\/uploads\/2023\/03\/separation.png\" width=\"737\" height=\"7\" \/><\/p>\n<p><img loading=\"lazy\" decoding=\"async\" class=\"alignleft wp-image-611 size-medium\" src=\"https:\/\/www.cvso.fr\/wp-content\/uploads\/2023\/10\/Licht-und-Schatten.jpg\" alt=\"\" width=\"400\" height=\"275\" srcset=\"https:\/\/www.cvso.fr\/wp-content\/uploads\/2023\/10\/Licht-und-Schatten.jpg 640w, https:\/\/www.cvso.fr\/wp-content\/uploads\/2023\/10\/Licht-und-Schatten-400x275.jpg 400w\" sizes=\"auto, (max-width: 400px) 100vw, 400px\" \/><br \/>\n25 et 26 Mars 2023:<\/p>\n<p><strong>Ombres et Lumi\u00e8re:<br \/>\n<\/strong><strong>S. Barber &#8211; E. Esenvalds &#8211; E. Whitacre<br \/>\n&#8211; E. Morricone &#8211; Ola Gjeilo (Sunrise Mass)<br \/>\n<\/strong><\/p>\n<p><a href=\"https:\/\/www.cvso.fr\/?page_id=548\">D\u00e9tails et programme ici.<\/a><\/p>\n<p><img loading=\"lazy\" decoding=\"async\" class=\"\" src=\"https:\/\/www.cvso.fr\/wp-content\/uploads\/2023\/03\/separation.png\" width=\"737\" height=\"7\" \/><\/p>\n<p><img loading=\"lazy\" decoding=\"async\" class=\"alignleft wp-image-613 size-medium\" src=\"https:\/\/www.cvso.fr\/wp-content\/uploads\/2023\/10\/Concert-Mendelssohn.jpg\" alt=\"\" width=\"400\" height=\"310\" srcset=\"https:\/\/www.cvso.fr\/wp-content\/uploads\/2023\/10\/Concert-Mendelssohn.jpg 1170w, https:\/\/www.cvso.fr\/wp-content\/uploads\/2023\/10\/Concert-Mendelssohn-400x310.jpg 400w, https:\/\/www.cvso.fr\/wp-content\/uploads\/2023\/10\/Concert-Mendelssohn-1024x793.jpg 1024w, https:\/\/www.cvso.fr\/wp-content\/uploads\/2023\/10\/Concert-Mendelssohn-768x595.jpg 768w, https:\/\/www.cvso.fr\/wp-content\/uploads\/2023\/10\/Concert-Mendelssohn-130x100.jpg 130w\" sizes=\"auto, (max-width: 400px) 100vw, 400px\" \/><br \/>\n12, 13 et 17 Novembre 2022:<\/p>\n<p><strong>Felix Mendelssohn: Lobgesang et Psaume 42<\/strong><\/p>\n<p><a href=\"https:\/\/www.cvso.fr\/?page_id=125\">D\u00e9tails, article de journal, ici.<\/a><\/p>\n<p><img loading=\"lazy\" decoding=\"async\" class=\"\" src=\"https:\/\/www.cvso.fr\/wp-content\/uploads\/2023\/03\/separation.png\" width=\"737\" height=\"7\" \/><\/p>\n<p><img loading=\"lazy\" decoding=\"async\" class=\"size-medium wp-image-616 alignleft\" src=\"https:\/\/www.cvso.fr\/wp-content\/uploads\/2023\/10\/Concert-Gounod-Bizet-400x267.jpg\" alt=\"\" width=\"400\" height=\"267\" srcset=\"https:\/\/www.cvso.fr\/wp-content\/uploads\/2023\/10\/Concert-Gounod-Bizet-400x267.jpg 400w, https:\/\/www.cvso.fr\/wp-content\/uploads\/2023\/10\/Concert-Gounod-Bizet-768x512.jpg 768w, https:\/\/www.cvso.fr\/wp-content\/uploads\/2023\/10\/Concert-Gounod-Bizet.jpg 800w\" sizes=\"auto, (max-width: 400px) 100vw, 400px\" \/><\/p>\n<p>Dimanche 8 Mai 2022:<br \/>\n<strong> Charles Gounod:messe de Sainte C\u00e9cile<\/strong><br \/>\n<strong> Georges Bizet: Te Deum <\/strong><\/p>\n<p><a href=\"https:\/\/www.cvso.fr\/?page_id=117\">D\u00e9tails et article de journal, ici.<\/a><\/p>\n<p><img loading=\"lazy\" decoding=\"async\" class=\"\" src=\"https:\/\/www.cvso.fr\/wp-content\/uploads\/2023\/03\/separation.png\" width=\"737\" height=\"7\" \/><\/p>\n<p><img loading=\"lazy\" decoding=\"async\" class=\"alignleft wp-image-619 size-medium\" src=\"https:\/\/www.cvso.fr\/wp-content\/uploads\/2023\/10\/Concert-Bach-Zelenke-Mozart-Requiem-400x346.jpg\" alt=\"\" width=\"400\" height=\"346\" srcset=\"https:\/\/www.cvso.fr\/wp-content\/uploads\/2023\/10\/Concert-Bach-Zelenke-Mozart-Requiem-400x346.jpg 400w, https:\/\/www.cvso.fr\/wp-content\/uploads\/2023\/10\/Concert-Bach-Zelenke-Mozart-Requiem.jpg 428w\" sizes=\"auto, (max-width: 400px) 100vw, 400px\" \/><\/p>\n<p>13 et 14 Novembre 2021:<\/p>\n<p><strong> Jan Dismas Zelenka: Nisi Dominus<\/strong><br \/>\n<strong> J-S Bach: Wachet auf <\/strong><br \/>\n<strong> W-A Mozart: Requiem <\/strong><\/p>\n<p>&nbsp;<\/p>\n<p><a href=\"https:\/\/www.cvso.fr\/?page_id=73\">D\u00e9tails et extraits ici.<\/a><br \/>\n<img loading=\"lazy\" decoding=\"async\" class=\"\" src=\"https:\/\/www.cvso.fr\/wp-content\/uploads\/2023\/03\/separation.png\" width=\"737\" height=\"7\" \/><br \/>\nAnn\u00e9es pr\u00e9c\u00e9dentes: voir sur notre <a href=\"https:\/\/www.cvso.de\/index.php\/das-war\/?lang=fr\" target=\"_blank\" rel=\"noopener\">site franco-allemand<\/a><\/p>\n","protected":false},"excerpt":{"rendered":"<p>Novembre 2025: L&rsquo;oratorio \u00ab\u00a0Paulus\u00a0\u00bb de Felix Mendelssohn. D\u00e9tails &#8211; presse &#8211; vid\u00e9os Avril 2025: C\u00e9sar Franck et Joseph Haydn. D\u00e9tails (presse et vid\u00e9os) Novembre 2024: Anton Bruckner a 200ans. D\u00e9tails et extraits vid\u00e9os Septembre 2024: Concerts en Tch\u00e9quie Voir D\u00e9tails Mai 2024: \u00ab\u00a0Sunrise\u00a0\u00bb Voir D\u00e9tails Mars 2024: \u00ab\u00a0Stabat Mater d&rsquo;A.<\/p>\n","protected":false},"author":1,"featured_media":0,"parent":0,"menu_order":0,"comment_status":"closed","ping_status":"closed","template":"","meta":{"footnotes":""},"class_list":["post-451","page","type-page","status-publish","hentry"],"yoast_head":"<!-- This site is optimized with the Yoast SEO plugin v27.2 - https:\/\/yoast.com\/product\/yoast-seo-wordpress\/ -->\n<title>Nos concerts pass\u00e9s - Collegium Vocale Strasbourg Ortenau<\/title>\n<meta name=\"robots\" content=\"index, follow, max-snippet:-1, max-image-preview:large, max-video-preview:-1\" \/>\n<link rel=\"canonical\" href=\"https:\/\/www.cvso.fr\/?page_id=451\" \/>\n<meta property=\"og:locale\" content=\"fr_FR\" \/>\n<meta property=\"og:type\" content=\"article\" \/>\n<meta property=\"og:title\" content=\"Nos concerts pass\u00e9s - Collegium Vocale Strasbourg Ortenau\" \/>\n<meta property=\"og:description\" content=\"Novembre 2025: L&rsquo;oratorio \u00ab\u00a0Paulus\u00a0\u00bb de Felix Mendelssohn. D\u00e9tails &#8211; presse &#8211; vid\u00e9os Avril 2025: C\u00e9sar Franck et Joseph Haydn. D\u00e9tails (presse et vid\u00e9os) Novembre 2024: Anton Bruckner a 200ans. D\u00e9tails et extraits vid\u00e9os Septembre 2024: Concerts en Tch\u00e9quie Voir D\u00e9tails Mai 2024: \u00ab\u00a0Sunrise\u00a0\u00bb Voir D\u00e9tails Mars 2024: \u00ab\u00a0Stabat Mater d&rsquo;A.\" \/>\n<meta property=\"og:url\" content=\"https:\/\/www.cvso.fr\/?page_id=451\" \/>\n<meta property=\"og:site_name\" content=\"Collegium Vocale Strasbourg Ortenau\" \/>\n<meta property=\"article:modified_time\" content=\"2025-11-22T10:17:04+00:00\" \/>\n<meta property=\"og:image\" content=\"https:\/\/www.cvso.fr\/wp-content\/uploads\/2023\/10\/3Te-Deum-pour-Europe.jpg\" \/>\n\t<meta property=\"og:image:width\" content=\"587\" \/>\n\t<meta property=\"og:image:height\" content=\"373\" \/>\n\t<meta property=\"og:image:type\" content=\"image\/jpeg\" \/>\n<meta name=\"twitter:card\" content=\"summary_large_image\" \/>\n<meta name=\"twitter:label1\" content=\"Dur\u00e9e de lecture estim\u00e9e\" \/>\n\t<meta name=\"twitter:data1\" content=\"6 minutes\" \/>\n<script type=\"application\/ld+json\" class=\"yoast-schema-graph\">{\"@context\":\"https:\/\/schema.org\",\"@graph\":[{\"@type\":\"WebPage\",\"@id\":\"https:\/\/www.cvso.fr\/?page_id=451\",\"url\":\"https:\/\/www.cvso.fr\/?page_id=451\",\"name\":\"Nos concerts pass\u00e9s - Collegium Vocale Strasbourg Ortenau\",\"isPartOf\":{\"@id\":\"https:\/\/www.cvso.fr\/#website\"},\"primaryImageOfPage\":{\"@id\":\"https:\/\/www.cvso.fr\/?page_id=451#primaryimage\"},\"image\":{\"@id\":\"https:\/\/www.cvso.fr\/?page_id=451#primaryimage\"},\"thumbnailUrl\":\"https:\/\/www.cvso.fr\/wp-content\/uploads\/2025\/11\/Annonce-Paulus.jpg\",\"datePublished\":\"2024-09-11T09:35:56+00:00\",\"dateModified\":\"2025-11-22T10:17:04+00:00\",\"breadcrumb\":{\"@id\":\"https:\/\/www.cvso.fr\/?page_id=451#breadcrumb\"},\"inLanguage\":\"fr-FR\",\"potentialAction\":[{\"@type\":\"ReadAction\",\"target\":[\"https:\/\/www.cvso.fr\/?page_id=451\"]}]},{\"@type\":\"ImageObject\",\"inLanguage\":\"fr-FR\",\"@id\":\"https:\/\/www.cvso.fr\/?page_id=451#primaryimage\",\"url\":\"https:\/\/www.cvso.fr\/wp-content\/uploads\/2023\/10\/3Te-Deum-pour-Europe.jpg\",\"contentUrl\":\"https:\/\/www.cvso.fr\/wp-content\/uploads\/2023\/10\/3Te-Deum-pour-Europe.jpg\",\"width\":587,\"height\":373},{\"@type\":\"BreadcrumbList\",\"@id\":\"https:\/\/www.cvso.fr\/?page_id=451#breadcrumb\",\"itemListElement\":[{\"@type\":\"ListItem\",\"position\":1,\"name\":\"Accueil\",\"item\":\"https:\/\/www.cvso.fr\/\"},{\"@type\":\"ListItem\",\"position\":2,\"name\":\"Nos concerts pass\u00e9s\"}]},{\"@type\":\"WebSite\",\"@id\":\"https:\/\/www.cvso.fr\/#website\",\"url\":\"https:\/\/www.cvso.fr\/\",\"name\":\"Collegium Vocale Strasbourg Ortenau\",\"description\":\"En avant la musique!\",\"potentialAction\":[{\"@type\":\"SearchAction\",\"target\":{\"@type\":\"EntryPoint\",\"urlTemplate\":\"https:\/\/www.cvso.fr\/?s={search_term_string}\"},\"query-input\":{\"@type\":\"PropertyValueSpecification\",\"valueRequired\":true,\"valueName\":\"search_term_string\"}}],\"inLanguage\":\"fr-FR\"}]}<\/script>\n<!-- \/ Yoast SEO plugin. -->","yoast_head_json":{"title":"Nos concerts pass\u00e9s - Collegium Vocale Strasbourg Ortenau","robots":{"index":"index","follow":"follow","max-snippet":"max-snippet:-1","max-image-preview":"max-image-preview:large","max-video-preview":"max-video-preview:-1"},"canonical":"https:\/\/www.cvso.fr\/?page_id=451","og_locale":"fr_FR","og_type":"article","og_title":"Nos concerts pass\u00e9s - Collegium Vocale Strasbourg Ortenau","og_description":"Novembre 2025: L&rsquo;oratorio \u00ab\u00a0Paulus\u00a0\u00bb de Felix Mendelssohn. D\u00e9tails &#8211; presse &#8211; vid\u00e9os Avril 2025: C\u00e9sar Franck et Joseph Haydn. D\u00e9tails (presse et vid\u00e9os) Novembre 2024: Anton Bruckner a 200ans. D\u00e9tails et extraits vid\u00e9os Septembre 2024: Concerts en Tch\u00e9quie Voir D\u00e9tails Mai 2024: \u00ab\u00a0Sunrise\u00a0\u00bb Voir D\u00e9tails Mars 2024: \u00ab\u00a0Stabat Mater d&rsquo;A.","og_url":"https:\/\/www.cvso.fr\/?page_id=451","og_site_name":"Collegium Vocale Strasbourg Ortenau","article_modified_time":"2025-11-22T10:17:04+00:00","og_image":[{"width":587,"height":373,"url":"https:\/\/www.cvso.fr\/wp-content\/uploads\/2023\/10\/3Te-Deum-pour-Europe.jpg","type":"image\/jpeg"}],"twitter_card":"summary_large_image","twitter_misc":{"Dur\u00e9e de lecture estim\u00e9e":"6 minutes"},"schema":{"@context":"https:\/\/schema.org","@graph":[{"@type":"WebPage","@id":"https:\/\/www.cvso.fr\/?page_id=451","url":"https:\/\/www.cvso.fr\/?page_id=451","name":"Nos concerts pass\u00e9s - Collegium Vocale Strasbourg Ortenau","isPartOf":{"@id":"https:\/\/www.cvso.fr\/#website"},"primaryImageOfPage":{"@id":"https:\/\/www.cvso.fr\/?page_id=451#primaryimage"},"image":{"@id":"https:\/\/www.cvso.fr\/?page_id=451#primaryimage"},"thumbnailUrl":"https:\/\/www.cvso.fr\/wp-content\/uploads\/2025\/11\/Annonce-Paulus.jpg","datePublished":"2024-09-11T09:35:56+00:00","dateModified":"2025-11-22T10:17:04+00:00","breadcrumb":{"@id":"https:\/\/www.cvso.fr\/?page_id=451#breadcrumb"},"inLanguage":"fr-FR","potentialAction":[{"@type":"ReadAction","target":["https:\/\/www.cvso.fr\/?page_id=451"]}]},{"@type":"ImageObject","inLanguage":"fr-FR","@id":"https:\/\/www.cvso.fr\/?page_id=451#primaryimage","url":"https:\/\/www.cvso.fr\/wp-content\/uploads\/2023\/10\/3Te-Deum-pour-Europe.jpg","contentUrl":"https:\/\/www.cvso.fr\/wp-content\/uploads\/2023\/10\/3Te-Deum-pour-Europe.jpg","width":587,"height":373},{"@type":"BreadcrumbList","@id":"https:\/\/www.cvso.fr\/?page_id=451#breadcrumb","itemListElement":[{"@type":"ListItem","position":1,"name":"Accueil","item":"https:\/\/www.cvso.fr\/"},{"@type":"ListItem","position":2,"name":"Nos concerts pass\u00e9s"}]},{"@type":"WebSite","@id":"https:\/\/www.cvso.fr\/#website","url":"https:\/\/www.cvso.fr\/","name":"Collegium Vocale Strasbourg Ortenau","description":"En avant la musique!","potentialAction":[{"@type":"SearchAction","target":{"@type":"EntryPoint","urlTemplate":"https:\/\/www.cvso.fr\/?s={search_term_string}"},"query-input":{"@type":"PropertyValueSpecification","valueRequired":true,"valueName":"search_term_string"}}],"inLanguage":"fr-FR"}]}},"_links":{"self":[{"href":"https:\/\/www.cvso.fr\/index.php?rest_route=\/wp\/v2\/pages\/451","targetHints":{"allow":["GET"]}}],"collection":[{"href":"https:\/\/www.cvso.fr\/index.php?rest_route=\/wp\/v2\/pages"}],"about":[{"href":"https:\/\/www.cvso.fr\/index.php?rest_route=\/wp\/v2\/types\/page"}],"author":[{"embeddable":true,"href":"https:\/\/www.cvso.fr\/index.php?rest_route=\/wp\/v2\/users\/1"}],"replies":[{"embeddable":true,"href":"https:\/\/www.cvso.fr\/index.php?rest_route=%2Fwp%2Fv2%2Fcomments&post=451"}],"version-history":[{"count":5,"href":"https:\/\/www.cvso.fr\/index.php?rest_route=\/wp\/v2\/pages\/451\/revisions"}],"predecessor-version":[{"id":1010,"href":"https:\/\/www.cvso.fr\/index.php?rest_route=\/wp\/v2\/pages\/451\/revisions\/1010"}],"wp:attachment":[{"href":"https:\/\/www.cvso.fr\/index.php?rest_route=%2Fwp%2Fv2%2Fmedia&parent=451"}],"curies":[{"name":"wp","href":"https:\/\/api.w.org\/{rel}","templated":true}]}}