{"id":664,"date":"2023-12-26T17:26:23","date_gmt":"2023-12-26T16:26:23","guid":{"rendered":"https:\/\/www.cvso.fr\/?page_id=664"},"modified":"2023-12-26T17:37:40","modified_gmt":"2023-12-26T16:37:40","slug":"decembre-2023-j-s-bach-oratorio-de-noel","status":"publish","type":"page","link":"https:\/\/www.cvso.fr\/?page_id=664","title":{"rendered":"D\u00e9cembre 2023 : Oratorio de No\u00ebl"},"content":{"rendered":"<p><strong>D\u00e9cembre 2023 : Jean-Sebastien Bach, Oratorios de No\u00ebl.<br \/>\nCantates N\u00b0 I , II , III et VI<\/strong>.<br \/>\nSamedi 16\/12\/2023 \u00e0 20h en l&rsquo;Eglise Saint-Guillaume de Strasbourg.<br \/>\nDimanche 17\/12\/2023 au palais d&rsquo;Erlenbad (Allemagne)<\/p>\n<p><img loading=\"lazy\" decoding=\"async\" class=\"alignnone wp-image-640\" src=\"https:\/\/www.cvso.fr\/wp-content\/uploads\/2023\/10\/Concert-Samedi-16-decembre-20-heures-Oratorio-de-Noel.jpg\" alt=\"\" width=\"823\" height=\"1159\" srcset=\"https:\/\/www.cvso.fr\/wp-content\/uploads\/2023\/10\/Concert-Samedi-16-decembre-20-heures-Oratorio-de-Noel.jpg 853w, https:\/\/www.cvso.fr\/wp-content\/uploads\/2023\/10\/Concert-Samedi-16-decembre-20-heures-Oratorio-de-Noel-284x400.jpg 284w, https:\/\/www.cvso.fr\/wp-content\/uploads\/2023\/10\/Concert-Samedi-16-decembre-20-heures-Oratorio-de-Noel-727x1024.jpg 727w, https:\/\/www.cvso.fr\/wp-content\/uploads\/2023\/10\/Concert-Samedi-16-decembre-20-heures-Oratorio-de-Noel-768x1081.jpg 768w\" sizes=\"auto, (max-width: 823px) 100vw, 823px\" \/><br \/>\nAnnonce de notre concert de Samedi :<br \/>\n<img decoding=\"async\" src=\"https:\/\/www.cvso.fr\/wp-content\/uploads\/2023\/12\/Article_DNA_15_12_2023-1.jpg\" alt=\"DNA du 15-12-2023\" \/><\/p>\n","protected":false},"excerpt":{"rendered":"<p>D\u00e9cembre 2023 : Jean-Sebastien Bach, Oratorios de No\u00ebl. Cantates N\u00b0 I , II , III et VI. Samedi 16\/12\/2023 \u00e0 20h en l&rsquo;Eglise Saint-Guillaume de Strasbourg. Dimanche 17\/12\/2023 au palais d&rsquo;Erlenbad (Allemagne) Annonce de notre concert de Samedi :<\/p>\n","protected":false},"author":1,"featured_media":0,"parent":0,"menu_order":0,"comment_status":"closed","ping_status":"closed","template":"","meta":{"footnotes":""},"class_list":["post-664","page","type-page","status-publish","hentry"],"yoast_head":"<!-- This site is optimized with the Yoast SEO plugin v27.2 - https:\/\/yoast.com\/product\/yoast-seo-wordpress\/ -->\n<title>D\u00e9cembre 2023 : Oratorio de No\u00ebl - Collegium Vocale Strasbourg Ortenau<\/title>\n<meta name=\"robots\" content=\"index, follow, max-snippet:-1, max-image-preview:large, max-video-preview:-1\" \/>\n<link rel=\"canonical\" href=\"https:\/\/www.cvso.fr\/?page_id=664\" \/>\n<meta property=\"og:locale\" content=\"fr_FR\" \/>\n<meta property=\"og:type\" content=\"article\" \/>\n<meta property=\"og:title\" content=\"D\u00e9cembre 2023 : Oratorio de No\u00ebl - Collegium Vocale Strasbourg Ortenau\" \/>\n<meta property=\"og:description\" content=\"D\u00e9cembre 2023 : Jean-Sebastien Bach, Oratorios de No\u00ebl. Cantates N\u00b0 I , II , III et VI. Samedi 16\/12\/2023 \u00e0 20h en l&rsquo;Eglise Saint-Guillaume de Strasbourg. Dimanche 17\/12\/2023 au palais d&rsquo;Erlenbad (Allemagne) Annonce de notre concert de Samedi :\" \/>\n<meta property=\"og:url\" content=\"https:\/\/www.cvso.fr\/?page_id=664\" \/>\n<meta property=\"og:site_name\" content=\"Collegium Vocale Strasbourg Ortenau\" \/>\n<meta property=\"article:modified_time\" content=\"2023-12-26T16:37:40+00:00\" \/>\n<meta property=\"og:image\" content=\"https:\/\/www.cvso.fr\/wp-content\/uploads\/2023\/10\/Concert-Samedi-16-decembre-20-heures-Oratorio-de-Noel.jpg\" \/>\n<meta name=\"twitter:card\" content=\"summary_large_image\" \/>\n<meta name=\"twitter:label1\" content=\"Dur\u00e9e de lecture estim\u00e9e\" \/>\n\t<meta name=\"twitter:data1\" content=\"1 minute\" \/>\n<script type=\"application\/ld+json\" class=\"yoast-schema-graph\">{\"@context\":\"https:\/\/schema.org\",\"@graph\":[{\"@type\":\"WebPage\",\"@id\":\"https:\/\/www.cvso.fr\/?page_id=664\",\"url\":\"https:\/\/www.cvso.fr\/?page_id=664\",\"name\":\"D\u00e9cembre 2023 : Oratorio de No\u00ebl - Collegium Vocale Strasbourg Ortenau\",\"isPartOf\":{\"@id\":\"https:\/\/www.cvso.fr\/#website\"},\"primaryImageOfPage\":{\"@id\":\"https:\/\/www.cvso.fr\/?page_id=664#primaryimage\"},\"image\":{\"@id\":\"https:\/\/www.cvso.fr\/?page_id=664#primaryimage\"},\"thumbnailUrl\":\"https:\/\/www.cvso.fr\/wp-content\/uploads\/2023\/10\/Concert-Samedi-16-decembre-20-heures-Oratorio-de-Noel.jpg\",\"datePublished\":\"2023-12-26T16:26:23+00:00\",\"dateModified\":\"2023-12-26T16:37:40+00:00\",\"breadcrumb\":{\"@id\":\"https:\/\/www.cvso.fr\/?page_id=664#breadcrumb\"},\"inLanguage\":\"fr-FR\",\"potentialAction\":[{\"@type\":\"ReadAction\",\"target\":[\"https:\/\/www.cvso.fr\/?page_id=664\"]}]},{\"@type\":\"ImageObject\",\"inLanguage\":\"fr-FR\",\"@id\":\"https:\/\/www.cvso.fr\/?page_id=664#primaryimage\",\"url\":\"https:\/\/www.cvso.fr\/wp-content\/uploads\/2023\/10\/Concert-Samedi-16-decembre-20-heures-Oratorio-de-Noel.jpg\",\"contentUrl\":\"https:\/\/www.cvso.fr\/wp-content\/uploads\/2023\/10\/Concert-Samedi-16-decembre-20-heures-Oratorio-de-Noel.jpg\",\"width\":853,\"height\":1201},{\"@type\":\"BreadcrumbList\",\"@id\":\"https:\/\/www.cvso.fr\/?page_id=664#breadcrumb\",\"itemListElement\":[{\"@type\":\"ListItem\",\"position\":1,\"name\":\"Accueil\",\"item\":\"https:\/\/www.cvso.fr\/\"},{\"@type\":\"ListItem\",\"position\":2,\"name\":\"D\u00e9cembre 2023 : Oratorio de No\u00ebl\"}]},{\"@type\":\"WebSite\",\"@id\":\"https:\/\/www.cvso.fr\/#website\",\"url\":\"https:\/\/www.cvso.fr\/\",\"name\":\"Collegium Vocale Strasbourg Ortenau\",\"description\":\"En avant la musique!\",\"potentialAction\":[{\"@type\":\"SearchAction\",\"target\":{\"@type\":\"EntryPoint\",\"urlTemplate\":\"https:\/\/www.cvso.fr\/?s={search_term_string}\"},\"query-input\":{\"@type\":\"PropertyValueSpecification\",\"valueRequired\":true,\"valueName\":\"search_term_string\"}}],\"inLanguage\":\"fr-FR\"}]}<\/script>\n<!-- \/ Yoast SEO plugin. -->","yoast_head_json":{"title":"D\u00e9cembre 2023 : Oratorio de No\u00ebl - Collegium Vocale Strasbourg Ortenau","robots":{"index":"index","follow":"follow","max-snippet":"max-snippet:-1","max-image-preview":"max-image-preview:large","max-video-preview":"max-video-preview:-1"},"canonical":"https:\/\/www.cvso.fr\/?page_id=664","og_locale":"fr_FR","og_type":"article","og_title":"D\u00e9cembre 2023 : Oratorio de No\u00ebl - Collegium Vocale Strasbourg Ortenau","og_description":"D\u00e9cembre 2023 : Jean-Sebastien Bach, Oratorios de No\u00ebl. Cantates N\u00b0 I , II , III et VI. Samedi 16\/12\/2023 \u00e0 20h en l&rsquo;Eglise Saint-Guillaume de Strasbourg. Dimanche 17\/12\/2023 au palais d&rsquo;Erlenbad (Allemagne) Annonce de notre concert de Samedi :","og_url":"https:\/\/www.cvso.fr\/?page_id=664","og_site_name":"Collegium Vocale Strasbourg Ortenau","article_modified_time":"2023-12-26T16:37:40+00:00","og_image":[{"url":"https:\/\/www.cvso.fr\/wp-content\/uploads\/2023\/10\/Concert-Samedi-16-decembre-20-heures-Oratorio-de-Noel.jpg","type":"","width":"","height":""}],"twitter_card":"summary_large_image","twitter_misc":{"Dur\u00e9e de lecture estim\u00e9e":"1 minute"},"schema":{"@context":"https:\/\/schema.org","@graph":[{"@type":"WebPage","@id":"https:\/\/www.cvso.fr\/?page_id=664","url":"https:\/\/www.cvso.fr\/?page_id=664","name":"D\u00e9cembre 2023 : Oratorio de No\u00ebl - Collegium Vocale Strasbourg Ortenau","isPartOf":{"@id":"https:\/\/www.cvso.fr\/#website"},"primaryImageOfPage":{"@id":"https:\/\/www.cvso.fr\/?page_id=664#primaryimage"},"image":{"@id":"https:\/\/www.cvso.fr\/?page_id=664#primaryimage"},"thumbnailUrl":"https:\/\/www.cvso.fr\/wp-content\/uploads\/2023\/10\/Concert-Samedi-16-decembre-20-heures-Oratorio-de-Noel.jpg","datePublished":"2023-12-26T16:26:23+00:00","dateModified":"2023-12-26T16:37:40+00:00","breadcrumb":{"@id":"https:\/\/www.cvso.fr\/?page_id=664#breadcrumb"},"inLanguage":"fr-FR","potentialAction":[{"@type":"ReadAction","target":["https:\/\/www.cvso.fr\/?page_id=664"]}]},{"@type":"ImageObject","inLanguage":"fr-FR","@id":"https:\/\/www.cvso.fr\/?page_id=664#primaryimage","url":"https:\/\/www.cvso.fr\/wp-content\/uploads\/2023\/10\/Concert-Samedi-16-decembre-20-heures-Oratorio-de-Noel.jpg","contentUrl":"https:\/\/www.cvso.fr\/wp-content\/uploads\/2023\/10\/Concert-Samedi-16-decembre-20-heures-Oratorio-de-Noel.jpg","width":853,"height":1201},{"@type":"BreadcrumbList","@id":"https:\/\/www.cvso.fr\/?page_id=664#breadcrumb","itemListElement":[{"@type":"ListItem","position":1,"name":"Accueil","item":"https:\/\/www.cvso.fr\/"},{"@type":"ListItem","position":2,"name":"D\u00e9cembre 2023 : Oratorio de No\u00ebl"}]},{"@type":"WebSite","@id":"https:\/\/www.cvso.fr\/#website","url":"https:\/\/www.cvso.fr\/","name":"Collegium Vocale Strasbourg Ortenau","description":"En avant la musique!","potentialAction":[{"@type":"SearchAction","target":{"@type":"EntryPoint","urlTemplate":"https:\/\/www.cvso.fr\/?s={search_term_string}"},"query-input":{"@type":"PropertyValueSpecification","valueRequired":true,"valueName":"search_term_string"}}],"inLanguage":"fr-FR"}]}},"_links":{"self":[{"href":"https:\/\/www.cvso.fr\/index.php?rest_route=\/wp\/v2\/pages\/664","targetHints":{"allow":["GET"]}}],"collection":[{"href":"https:\/\/www.cvso.fr\/index.php?rest_route=\/wp\/v2\/pages"}],"about":[{"href":"https:\/\/www.cvso.fr\/index.php?rest_route=\/wp\/v2\/types\/page"}],"author":[{"embeddable":true,"href":"https:\/\/www.cvso.fr\/index.php?rest_route=\/wp\/v2\/users\/1"}],"replies":[{"embeddable":true,"href":"https:\/\/www.cvso.fr\/index.php?rest_route=%2Fwp%2Fv2%2Fcomments&post=664"}],"version-history":[{"count":0,"href":"https:\/\/www.cvso.fr\/index.php?rest_route=\/wp\/v2\/pages\/664\/revisions"}],"wp:attachment":[{"href":"https:\/\/www.cvso.fr\/index.php?rest_route=%2Fwp%2Fv2%2Fmedia&parent=664"}],"curies":[{"name":"wp","href":"https:\/\/api.w.org\/{rel}","templated":true}]}}