{"id":728,"date":"2024-09-11T11:12:59","date_gmt":"2024-09-11T09:12:59","guid":{"rendered":"https:\/\/www.cvso.fr\/?page_id=728"},"modified":"2024-09-11T12:01:19","modified_gmt":"2024-09-11T10:01:19","slug":"mars-2024-stabat-mater-de-dvorak","status":"publish","type":"page","link":"https:\/\/www.cvso.fr\/?page_id=728","title":{"rendered":"Mars 2024: Stabat Mater de Dvo\u0159\u00e1k"},"content":{"rendered":"<p><strong>Dimanche 24 Mars \u00e0 17h en l&rsquo;Eglise Saint Thomas: Stabat Mater d&rsquo;A. Dvo\u0159\u00e1k.<br \/>\n<\/strong><\/p>\n<p><img loading=\"lazy\" decoding=\"async\" class=\"alignnone size-medium wp-image-686\" src=\"https:\/\/www.cvso.fr\/wp-content\/uploads\/2024\/02\/Concert-Stabat-Mater-de-Dvorak-24-mars-17-heures-Saint-Thomas.jpg\" alt=\"\" width=\"823\" height=\"1159\" \/><\/p>\n<p>Ce concert a \u00e9t\u00e9 donn\u00e9 avec la participation du choeur Jested, de Liberec en R\u00e9publique tch\u00e8que, que nous avions invit\u00e9 pour l&rsquo;occasion.<\/p>\n<p><a href=\"https:\/\/www.cvso.fr\/wp-content\/uploads\/2024\/03\/Concert-Dvorak-du-24-mars-Article-DNA.pdf\" target=\"_blank\" rel=\"noopener\">Ci-joint<\/a> un article de C. Wolff paru dans les Derni\u00e8res Nouvelles d&rsquo;Alsace:<\/p>\n","protected":false},"excerpt":{"rendered":"<p>Dimanche 24 Mars \u00e0 17h en l&rsquo;Eglise Saint Thomas: Stabat Mater d&rsquo;A. Dvo\u0159\u00e1k. Ce concert a \u00e9t\u00e9 donn\u00e9 avec la participation du choeur Jested, de Liberec en R\u00e9publique tch\u00e8que, que nous avions invit\u00e9 pour l&rsquo;occasion. Ci-joint un article de C. Wolff paru dans les Derni\u00e8res Nouvelles d&rsquo;Alsace:<\/p>\n","protected":false},"author":1,"featured_media":0,"parent":0,"menu_order":0,"comment_status":"closed","ping_status":"closed","template":"","meta":{"footnotes":""},"class_list":["post-728","page","type-page","status-publish","hentry"],"yoast_head":"<!-- This site is optimized with the Yoast SEO plugin v27.2 - https:\/\/yoast.com\/product\/yoast-seo-wordpress\/ -->\n<title>Mars 2024: Stabat Mater de Dvo\u0159\u00e1k - Collegium Vocale Strasbourg Ortenau<\/title>\n<meta name=\"robots\" content=\"index, follow, max-snippet:-1, max-image-preview:large, max-video-preview:-1\" \/>\n<link rel=\"canonical\" href=\"https:\/\/www.cvso.fr\/?page_id=728\" \/>\n<meta property=\"og:locale\" content=\"fr_FR\" \/>\n<meta property=\"og:type\" content=\"article\" \/>\n<meta property=\"og:title\" content=\"Mars 2024: Stabat Mater de Dvo\u0159\u00e1k - Collegium Vocale Strasbourg Ortenau\" \/>\n<meta property=\"og:description\" content=\"Dimanche 24 Mars \u00e0 17h en l&rsquo;Eglise Saint Thomas: Stabat Mater d&rsquo;A. Dvo\u0159\u00e1k. Ce concert a \u00e9t\u00e9 donn\u00e9 avec la participation du choeur Jested, de Liberec en R\u00e9publique tch\u00e8que, que nous avions invit\u00e9 pour l&rsquo;occasion. Ci-joint un article de C. Wolff paru dans les Derni\u00e8res Nouvelles d&rsquo;Alsace:\" \/>\n<meta property=\"og:url\" content=\"https:\/\/www.cvso.fr\/?page_id=728\" \/>\n<meta property=\"og:site_name\" content=\"Collegium Vocale Strasbourg Ortenau\" \/>\n<meta property=\"article:modified_time\" content=\"2024-09-11T10:01:19+00:00\" \/>\n<meta property=\"og:image\" content=\"https:\/\/www.cvso.fr\/wp-content\/uploads\/2024\/02\/Concert-Stabat-Mater-de-Dvorak-24-mars-17-heures-Saint-Thomas.jpg\" \/>\n<meta name=\"twitter:card\" content=\"summary_large_image\" \/>\n<meta name=\"twitter:label1\" content=\"Dur\u00e9e de lecture estim\u00e9e\" \/>\n\t<meta name=\"twitter:data1\" content=\"1 minute\" \/>\n<script type=\"application\/ld+json\" class=\"yoast-schema-graph\">{\"@context\":\"https:\/\/schema.org\",\"@graph\":[{\"@type\":\"WebPage\",\"@id\":\"https:\/\/www.cvso.fr\/?page_id=728\",\"url\":\"https:\/\/www.cvso.fr\/?page_id=728\",\"name\":\"Mars 2024: Stabat Mater de Dvo\u0159\u00e1k - Collegium Vocale Strasbourg Ortenau\",\"isPartOf\":{\"@id\":\"https:\/\/www.cvso.fr\/#website\"},\"primaryImageOfPage\":{\"@id\":\"https:\/\/www.cvso.fr\/?page_id=728#primaryimage\"},\"image\":{\"@id\":\"https:\/\/www.cvso.fr\/?page_id=728#primaryimage\"},\"thumbnailUrl\":\"https:\/\/www.cvso.fr\/wp-content\/uploads\/2024\/02\/Concert-Stabat-Mater-de-Dvorak-24-mars-17-heures-Saint-Thomas.jpg\",\"datePublished\":\"2024-09-11T09:12:59+00:00\",\"dateModified\":\"2024-09-11T10:01:19+00:00\",\"breadcrumb\":{\"@id\":\"https:\/\/www.cvso.fr\/?page_id=728#breadcrumb\"},\"inLanguage\":\"fr-FR\",\"potentialAction\":[{\"@type\":\"ReadAction\",\"target\":[\"https:\/\/www.cvso.fr\/?page_id=728\"]}]},{\"@type\":\"ImageObject\",\"inLanguage\":\"fr-FR\",\"@id\":\"https:\/\/www.cvso.fr\/?page_id=728#primaryimage\",\"url\":\"https:\/\/www.cvso.fr\/wp-content\/uploads\/2023\/12\/Concert-Stabat-Mater-de-Dvorak-24-mars-17-heures-Saint-Thomas.jpg\",\"contentUrl\":\"https:\/\/www.cvso.fr\/wp-content\/uploads\/2023\/12\/Concert-Stabat-Mater-de-Dvorak-24-mars-17-heures-Saint-Thomas.jpg\",\"width\":841,\"height\":1190},{\"@type\":\"BreadcrumbList\",\"@id\":\"https:\/\/www.cvso.fr\/?page_id=728#breadcrumb\",\"itemListElement\":[{\"@type\":\"ListItem\",\"position\":1,\"name\":\"Accueil\",\"item\":\"https:\/\/www.cvso.fr\/\"},{\"@type\":\"ListItem\",\"position\":2,\"name\":\"Mars 2024: Stabat Mater de Dvo\u0159\u00e1k\"}]},{\"@type\":\"WebSite\",\"@id\":\"https:\/\/www.cvso.fr\/#website\",\"url\":\"https:\/\/www.cvso.fr\/\",\"name\":\"Collegium Vocale Strasbourg Ortenau\",\"description\":\"En avant la musique!\",\"potentialAction\":[{\"@type\":\"SearchAction\",\"target\":{\"@type\":\"EntryPoint\",\"urlTemplate\":\"https:\/\/www.cvso.fr\/?s={search_term_string}\"},\"query-input\":{\"@type\":\"PropertyValueSpecification\",\"valueRequired\":true,\"valueName\":\"search_term_string\"}}],\"inLanguage\":\"fr-FR\"}]}<\/script>\n<!-- \/ Yoast SEO plugin. -->","yoast_head_json":{"title":"Mars 2024: Stabat Mater de Dvo\u0159\u00e1k - Collegium Vocale Strasbourg Ortenau","robots":{"index":"index","follow":"follow","max-snippet":"max-snippet:-1","max-image-preview":"max-image-preview:large","max-video-preview":"max-video-preview:-1"},"canonical":"https:\/\/www.cvso.fr\/?page_id=728","og_locale":"fr_FR","og_type":"article","og_title":"Mars 2024: Stabat Mater de Dvo\u0159\u00e1k - Collegium Vocale Strasbourg Ortenau","og_description":"Dimanche 24 Mars \u00e0 17h en l&rsquo;Eglise Saint Thomas: Stabat Mater d&rsquo;A. Dvo\u0159\u00e1k. Ce concert a \u00e9t\u00e9 donn\u00e9 avec la participation du choeur Jested, de Liberec en R\u00e9publique tch\u00e8que, que nous avions invit\u00e9 pour l&rsquo;occasion. Ci-joint un article de C. Wolff paru dans les Derni\u00e8res Nouvelles d&rsquo;Alsace:","og_url":"https:\/\/www.cvso.fr\/?page_id=728","og_site_name":"Collegium Vocale Strasbourg Ortenau","article_modified_time":"2024-09-11T10:01:19+00:00","og_image":[{"url":"https:\/\/www.cvso.fr\/wp-content\/uploads\/2024\/02\/Concert-Stabat-Mater-de-Dvorak-24-mars-17-heures-Saint-Thomas.jpg","type":"","width":"","height":""}],"twitter_card":"summary_large_image","twitter_misc":{"Dur\u00e9e de lecture estim\u00e9e":"1 minute"},"schema":{"@context":"https:\/\/schema.org","@graph":[{"@type":"WebPage","@id":"https:\/\/www.cvso.fr\/?page_id=728","url":"https:\/\/www.cvso.fr\/?page_id=728","name":"Mars 2024: Stabat Mater de Dvo\u0159\u00e1k - Collegium Vocale Strasbourg Ortenau","isPartOf":{"@id":"https:\/\/www.cvso.fr\/#website"},"primaryImageOfPage":{"@id":"https:\/\/www.cvso.fr\/?page_id=728#primaryimage"},"image":{"@id":"https:\/\/www.cvso.fr\/?page_id=728#primaryimage"},"thumbnailUrl":"https:\/\/www.cvso.fr\/wp-content\/uploads\/2024\/02\/Concert-Stabat-Mater-de-Dvorak-24-mars-17-heures-Saint-Thomas.jpg","datePublished":"2024-09-11T09:12:59+00:00","dateModified":"2024-09-11T10:01:19+00:00","breadcrumb":{"@id":"https:\/\/www.cvso.fr\/?page_id=728#breadcrumb"},"inLanguage":"fr-FR","potentialAction":[{"@type":"ReadAction","target":["https:\/\/www.cvso.fr\/?page_id=728"]}]},{"@type":"ImageObject","inLanguage":"fr-FR","@id":"https:\/\/www.cvso.fr\/?page_id=728#primaryimage","url":"https:\/\/www.cvso.fr\/wp-content\/uploads\/2023\/12\/Concert-Stabat-Mater-de-Dvorak-24-mars-17-heures-Saint-Thomas.jpg","contentUrl":"https:\/\/www.cvso.fr\/wp-content\/uploads\/2023\/12\/Concert-Stabat-Mater-de-Dvorak-24-mars-17-heures-Saint-Thomas.jpg","width":841,"height":1190},{"@type":"BreadcrumbList","@id":"https:\/\/www.cvso.fr\/?page_id=728#breadcrumb","itemListElement":[{"@type":"ListItem","position":1,"name":"Accueil","item":"https:\/\/www.cvso.fr\/"},{"@type":"ListItem","position":2,"name":"Mars 2024: Stabat Mater de Dvo\u0159\u00e1k"}]},{"@type":"WebSite","@id":"https:\/\/www.cvso.fr\/#website","url":"https:\/\/www.cvso.fr\/","name":"Collegium Vocale Strasbourg Ortenau","description":"En avant la musique!","potentialAction":[{"@type":"SearchAction","target":{"@type":"EntryPoint","urlTemplate":"https:\/\/www.cvso.fr\/?s={search_term_string}"},"query-input":{"@type":"PropertyValueSpecification","valueRequired":true,"valueName":"search_term_string"}}],"inLanguage":"fr-FR"}]}},"_links":{"self":[{"href":"https:\/\/www.cvso.fr\/index.php?rest_route=\/wp\/v2\/pages\/728","targetHints":{"allow":["GET"]}}],"collection":[{"href":"https:\/\/www.cvso.fr\/index.php?rest_route=\/wp\/v2\/pages"}],"about":[{"href":"https:\/\/www.cvso.fr\/index.php?rest_route=\/wp\/v2\/types\/page"}],"author":[{"embeddable":true,"href":"https:\/\/www.cvso.fr\/index.php?rest_route=\/wp\/v2\/users\/1"}],"replies":[{"embeddable":true,"href":"https:\/\/www.cvso.fr\/index.php?rest_route=%2Fwp%2Fv2%2Fcomments&post=728"}],"version-history":[{"count":0,"href":"https:\/\/www.cvso.fr\/index.php?rest_route=\/wp\/v2\/pages\/728\/revisions"}],"wp:attachment":[{"href":"https:\/\/www.cvso.fr\/index.php?rest_route=%2Fwp%2Fv2%2Fmedia&parent=728"}],"curies":[{"name":"wp","href":"https:\/\/api.w.org\/{rel}","templated":true}]}}