{"id":734,"date":"2024-09-11T12:15:04","date_gmt":"2024-09-11T10:15:04","guid":{"rendered":"https:\/\/www.cvso.fr\/?page_id=734"},"modified":"2024-09-11T14:43:23","modified_gmt":"2024-09-11T12:43:23","slug":"mai-2024-sunrise","status":"publish","type":"page","link":"https:\/\/www.cvso.fr\/?page_id=734","title":{"rendered":"Mai 2024 \u00ab\u00a0Sunrise\u00a0\u00bb"},"content":{"rendered":"<p><strong>Dimanche 05 Mai \u00e0 17h en l&rsquo;\u00e9glise abbatiale d&rsquo;Ebersmunster (67 600)<br \/>\n<\/strong><\/p>\n<p><img loading=\"lazy\" decoding=\"async\" class=\"alignnone size-medium wp-image-686\" src=\"https:\/\/www.cvso.fr\/wp-content\/uploads\/2024\/05\/Programme-Concert-du-5-mai-a-Ebersmunster.jpg\" alt=\"\" width=\"823\" height=\"1159\" \/><\/p>\n<p>Reprise d&rsquo;un concert donn\u00e9 en Mars 2023 sous le titre \u00ab\u00a0Ombres et lumi\u00e8res\u00a0\u00bb, voir <a href=\"https:\/\/www.cvso.fr\/?page_id=548\" target=\"_blank\" rel=\"noopener\">ici<\/a><\/p>\n<p>Une photo souvenir:<\/p>\n<p><img loading=\"lazy\" decoding=\"async\" class=\"alignnone size-medium wp-image-738\" src=\"https:\/\/www.cvso.fr\/wp-content\/uploads\/2024\/09\/Concert-Ebersmunster_5-Mai-2024.jpg\" alt=\"\" width=\"800\" height=\"532\" srcset=\"https:\/\/www.cvso.fr\/wp-content\/uploads\/2024\/09\/Concert-Ebersmunster_5-Mai-2024.jpg 1600w, https:\/\/www.cvso.fr\/wp-content\/uploads\/2024\/09\/Concert-Ebersmunster_5-Mai-2024-400x266.jpg 400w, https:\/\/www.cvso.fr\/wp-content\/uploads\/2024\/09\/Concert-Ebersmunster_5-Mai-2024-1024x682.jpg 1024w, https:\/\/www.cvso.fr\/wp-content\/uploads\/2024\/09\/Concert-Ebersmunster_5-Mai-2024-768x511.jpg 768w, https:\/\/www.cvso.fr\/wp-content\/uploads\/2024\/09\/Concert-Ebersmunster_5-Mai-2024-1536x1022.jpg 1536w\" sizes=\"auto, (max-width: 800px) 100vw, 800px\" \/><\/p>\n","protected":false},"excerpt":{"rendered":"<p>Dimanche 05 Mai \u00e0 17h en l&rsquo;\u00e9glise abbatiale d&rsquo;Ebersmunster (67 600) Reprise d&rsquo;un concert donn\u00e9 en Mars 2023 sous le titre \u00ab\u00a0Ombres et lumi\u00e8res\u00a0\u00bb, voir ici Une photo souvenir:<\/p>\n","protected":false},"author":1,"featured_media":0,"parent":0,"menu_order":0,"comment_status":"closed","ping_status":"closed","template":"","meta":{"footnotes":""},"class_list":["post-734","page","type-page","status-publish","hentry"],"yoast_head":"<!-- This site is optimized with the Yoast SEO plugin v27.2 - https:\/\/yoast.com\/product\/yoast-seo-wordpress\/ -->\n<title>Mai 2024 &quot;Sunrise&quot; - Collegium Vocale Strasbourg Ortenau<\/title>\n<meta name=\"robots\" content=\"index, follow, max-snippet:-1, max-image-preview:large, max-video-preview:-1\" \/>\n<link rel=\"canonical\" href=\"https:\/\/www.cvso.fr\/?page_id=734\" \/>\n<meta property=\"og:locale\" content=\"fr_FR\" \/>\n<meta property=\"og:type\" content=\"article\" \/>\n<meta property=\"og:title\" content=\"Mai 2024 &quot;Sunrise&quot; - Collegium Vocale Strasbourg Ortenau\" \/>\n<meta property=\"og:description\" content=\"Dimanche 05 Mai \u00e0 17h en l&rsquo;\u00e9glise abbatiale d&rsquo;Ebersmunster (67 600) Reprise d&rsquo;un concert donn\u00e9 en Mars 2023 sous le titre \u00ab\u00a0Ombres et lumi\u00e8res\u00a0\u00bb, voir ici Une photo souvenir:\" \/>\n<meta property=\"og:url\" content=\"https:\/\/www.cvso.fr\/?page_id=734\" \/>\n<meta property=\"og:site_name\" content=\"Collegium Vocale Strasbourg Ortenau\" \/>\n<meta property=\"article:modified_time\" content=\"2024-09-11T12:43:23+00:00\" \/>\n<meta property=\"og:image\" content=\"https:\/\/www.cvso.fr\/wp-content\/uploads\/2024\/05\/Programme-Concert-du-5-mai-a-Ebersmunster.jpg\" \/>\n<meta name=\"twitter:card\" content=\"summary_large_image\" \/>\n<meta name=\"twitter:label1\" content=\"Dur\u00e9e de lecture estim\u00e9e\" \/>\n\t<meta name=\"twitter:data1\" content=\"1 minute\" \/>\n<script type=\"application\/ld+json\" class=\"yoast-schema-graph\">{\"@context\":\"https:\/\/schema.org\",\"@graph\":[{\"@type\":\"WebPage\",\"@id\":\"https:\/\/www.cvso.fr\/?page_id=734\",\"url\":\"https:\/\/www.cvso.fr\/?page_id=734\",\"name\":\"Mai 2024 \\\"Sunrise\\\" - Collegium Vocale Strasbourg Ortenau\",\"isPartOf\":{\"@id\":\"https:\/\/www.cvso.fr\/#website\"},\"primaryImageOfPage\":{\"@id\":\"https:\/\/www.cvso.fr\/?page_id=734#primaryimage\"},\"image\":{\"@id\":\"https:\/\/www.cvso.fr\/?page_id=734#primaryimage\"},\"thumbnailUrl\":\"https:\/\/www.cvso.fr\/wp-content\/uploads\/2024\/05\/Programme-Concert-du-5-mai-a-Ebersmunster.jpg\",\"datePublished\":\"2024-09-11T10:15:04+00:00\",\"dateModified\":\"2024-09-11T12:43:23+00:00\",\"breadcrumb\":{\"@id\":\"https:\/\/www.cvso.fr\/?page_id=734#breadcrumb\"},\"inLanguage\":\"fr-FR\",\"potentialAction\":[{\"@type\":\"ReadAction\",\"target\":[\"https:\/\/www.cvso.fr\/?page_id=734\"]}]},{\"@type\":\"ImageObject\",\"inLanguage\":\"fr-FR\",\"@id\":\"https:\/\/www.cvso.fr\/?page_id=734#primaryimage\",\"url\":\"https:\/\/www.cvso.fr\/wp-content\/uploads\/2023\/12\/Concert-Stabat-Mater-de-Dvorak-24-mars-17-heures-Saint-Thomas.jpg\",\"contentUrl\":\"https:\/\/www.cvso.fr\/wp-content\/uploads\/2023\/12\/Concert-Stabat-Mater-de-Dvorak-24-mars-17-heures-Saint-Thomas.jpg\",\"width\":841,\"height\":1190},{\"@type\":\"BreadcrumbList\",\"@id\":\"https:\/\/www.cvso.fr\/?page_id=734#breadcrumb\",\"itemListElement\":[{\"@type\":\"ListItem\",\"position\":1,\"name\":\"Accueil\",\"item\":\"https:\/\/www.cvso.fr\/\"},{\"@type\":\"ListItem\",\"position\":2,\"name\":\"Mai 2024 \u00ab\u00a0Sunrise\u00a0\u00bb\"}]},{\"@type\":\"WebSite\",\"@id\":\"https:\/\/www.cvso.fr\/#website\",\"url\":\"https:\/\/www.cvso.fr\/\",\"name\":\"Collegium Vocale Strasbourg Ortenau\",\"description\":\"En avant la musique!\",\"potentialAction\":[{\"@type\":\"SearchAction\",\"target\":{\"@type\":\"EntryPoint\",\"urlTemplate\":\"https:\/\/www.cvso.fr\/?s={search_term_string}\"},\"query-input\":{\"@type\":\"PropertyValueSpecification\",\"valueRequired\":true,\"valueName\":\"search_term_string\"}}],\"inLanguage\":\"fr-FR\"}]}<\/script>\n<!-- \/ Yoast SEO plugin. -->","yoast_head_json":{"title":"Mai 2024 \"Sunrise\" - Collegium Vocale Strasbourg Ortenau","robots":{"index":"index","follow":"follow","max-snippet":"max-snippet:-1","max-image-preview":"max-image-preview:large","max-video-preview":"max-video-preview:-1"},"canonical":"https:\/\/www.cvso.fr\/?page_id=734","og_locale":"fr_FR","og_type":"article","og_title":"Mai 2024 \"Sunrise\" - Collegium Vocale Strasbourg Ortenau","og_description":"Dimanche 05 Mai \u00e0 17h en l&rsquo;\u00e9glise abbatiale d&rsquo;Ebersmunster (67 600) Reprise d&rsquo;un concert donn\u00e9 en Mars 2023 sous le titre \u00ab\u00a0Ombres et lumi\u00e8res\u00a0\u00bb, voir ici Une photo souvenir:","og_url":"https:\/\/www.cvso.fr\/?page_id=734","og_site_name":"Collegium Vocale Strasbourg Ortenau","article_modified_time":"2024-09-11T12:43:23+00:00","og_image":[{"url":"https:\/\/www.cvso.fr\/wp-content\/uploads\/2024\/05\/Programme-Concert-du-5-mai-a-Ebersmunster.jpg","type":"","width":"","height":""}],"twitter_card":"summary_large_image","twitter_misc":{"Dur\u00e9e de lecture estim\u00e9e":"1 minute"},"schema":{"@context":"https:\/\/schema.org","@graph":[{"@type":"WebPage","@id":"https:\/\/www.cvso.fr\/?page_id=734","url":"https:\/\/www.cvso.fr\/?page_id=734","name":"Mai 2024 \"Sunrise\" - Collegium Vocale Strasbourg Ortenau","isPartOf":{"@id":"https:\/\/www.cvso.fr\/#website"},"primaryImageOfPage":{"@id":"https:\/\/www.cvso.fr\/?page_id=734#primaryimage"},"image":{"@id":"https:\/\/www.cvso.fr\/?page_id=734#primaryimage"},"thumbnailUrl":"https:\/\/www.cvso.fr\/wp-content\/uploads\/2024\/05\/Programme-Concert-du-5-mai-a-Ebersmunster.jpg","datePublished":"2024-09-11T10:15:04+00:00","dateModified":"2024-09-11T12:43:23+00:00","breadcrumb":{"@id":"https:\/\/www.cvso.fr\/?page_id=734#breadcrumb"},"inLanguage":"fr-FR","potentialAction":[{"@type":"ReadAction","target":["https:\/\/www.cvso.fr\/?page_id=734"]}]},{"@type":"ImageObject","inLanguage":"fr-FR","@id":"https:\/\/www.cvso.fr\/?page_id=734#primaryimage","url":"https:\/\/www.cvso.fr\/wp-content\/uploads\/2023\/12\/Concert-Stabat-Mater-de-Dvorak-24-mars-17-heures-Saint-Thomas.jpg","contentUrl":"https:\/\/www.cvso.fr\/wp-content\/uploads\/2023\/12\/Concert-Stabat-Mater-de-Dvorak-24-mars-17-heures-Saint-Thomas.jpg","width":841,"height":1190},{"@type":"BreadcrumbList","@id":"https:\/\/www.cvso.fr\/?page_id=734#breadcrumb","itemListElement":[{"@type":"ListItem","position":1,"name":"Accueil","item":"https:\/\/www.cvso.fr\/"},{"@type":"ListItem","position":2,"name":"Mai 2024 \u00ab\u00a0Sunrise\u00a0\u00bb"}]},{"@type":"WebSite","@id":"https:\/\/www.cvso.fr\/#website","url":"https:\/\/www.cvso.fr\/","name":"Collegium Vocale Strasbourg Ortenau","description":"En avant la musique!","potentialAction":[{"@type":"SearchAction","target":{"@type":"EntryPoint","urlTemplate":"https:\/\/www.cvso.fr\/?s={search_term_string}"},"query-input":{"@type":"PropertyValueSpecification","valueRequired":true,"valueName":"search_term_string"}}],"inLanguage":"fr-FR"}]}},"_links":{"self":[{"href":"https:\/\/www.cvso.fr\/index.php?rest_route=\/wp\/v2\/pages\/734","targetHints":{"allow":["GET"]}}],"collection":[{"href":"https:\/\/www.cvso.fr\/index.php?rest_route=\/wp\/v2\/pages"}],"about":[{"href":"https:\/\/www.cvso.fr\/index.php?rest_route=\/wp\/v2\/types\/page"}],"author":[{"embeddable":true,"href":"https:\/\/www.cvso.fr\/index.php?rest_route=\/wp\/v2\/users\/1"}],"replies":[{"embeddable":true,"href":"https:\/\/www.cvso.fr\/index.php?rest_route=%2Fwp%2Fv2%2Fcomments&post=734"}],"version-history":[{"count":0,"href":"https:\/\/www.cvso.fr\/index.php?rest_route=\/wp\/v2\/pages\/734\/revisions"}],"wp:attachment":[{"href":"https:\/\/www.cvso.fr\/index.php?rest_route=%2Fwp%2Fv2%2Fmedia&parent=734"}],"curies":[{"name":"wp","href":"https:\/\/api.w.org\/{rel}","templated":true}]}}