{"id":989,"date":"2025-11-22T10:01:22","date_gmt":"2025-11-22T09:01:22","guid":{"rendered":"https:\/\/www.cvso.fr\/?page_id=989"},"modified":"2025-11-22T11:31:18","modified_gmt":"2025-11-22T10:31:18","slug":"novembre-2025-paulus-de-mendelssohn","status":"publish","type":"page","link":"https:\/\/www.cvso.fr\/?page_id=989","title":{"rendered":"Novembre 2025:  \u00ab\u00a0Paulus\u00a0\u00bb de Mendelssohn"},"content":{"rendered":"<h3>Novembre 2025: <strong> L&rsquo;oratorio \u00ab\u00a0Paulus\u00a0\u00bb de Mendelssohn a \u00e9t\u00e9 donn\u00e9 en trois concerts:<\/strong><\/h3>\r\n<p>&#8211; Le vendredi 14\/11 au \u00ab\u00a0Hanauer Dom\u00a0\u00bb de Rheinbischofsheim. <\/br>\r\n&#8211; Le samedi 15\/11 en l&rsquo;\u00e9glise Saint Matthieu de Colmar. <\/br>\r\n&#8211; Le dimanche 16\/11 en l&rsquo;\u00e9glise Saint Thomas de Strasbourg.<\/p>\r\n<figure><img loading=\"lazy\" decoding=\"async\" class=\"alignleft\" src=\"https:\/\/www.cvso.fr\/wp-content\/uploads\/2025\/10\/Concert-Paulus-15-nov-2025-19-H-Saint-Matthieu-Colmar.jpg\" alt=\"\" width=\"350\" height=\"422\" \/><\/figure>\r\n<!-- \/wp:post-content -->\r\n\r\n<!-- wp:image {\"align\":\"right\",\"width\":350,\"height\":422} -->\r\n<figure><img loading=\"lazy\" decoding=\"async\" class=\"alignnone\" src=\"https:\/\/www.cvso.fr\/wp-content\/uploads\/2025\/10\/Concert-Paulus-16-nov-2025-17-H-Saint-Thomas-Strasbourg.jpg\" alt=\"\" width=\"350\" height=\"422\" \/><\/figure>\r\n<!-- \/wp:image -->\r\n<p>Avec la participation du choeur <em> Koinon\u00eda <\/em> de Vienne. Les coll\u00e9giens de la chorale du coll\u00e8ge Foch ont \u00e9galement particip\u00e9 au concert du dimanche \u00e0 Saint Thomas.<\/p>\r\n<h4>A propos du \u00ab\u00a0Paulus\u00a0\u00bb<\/h4>\r\n<p>Le 11 mars 1829, Felix Mendelssohn Bartholdy qui n\u2019a que 20 ans dirige la Passion selon saint Matthieu \u00e0 l\u2019Acad\u00e9mie de chant de Berlin. Pour le public, c\u2019est une r\u00e9v\u00e9lation et pour le futur, c\u2019est la red\u00e9couverte d\u2019un compositeur majeur, enti\u00e8rement oubli\u00e9 apr\u00e8s sa mort en 1750, cr\u00e9ateur majeur de l\u2019histoire de la musique occidentale, Johann Sebastian Bach. C\u2019est \u00e0 peine 5 ans apr\u00e8s sa red\u00e9couverte que Felix Mendelssohn, un prodige de la musique, compose le premier de ses 2 oratorios (entre 1834 et 1836), inspir\u00e9s des Passions de J. S. Bach : Paulus opus 36 (MWV A 14) sur un livret du compositeur et du pasteur Julius Schubring cr\u00e9\u00e9 en 1836 \u00e0 Dusseldorf. Cet oratorio raconte la vie de la premi\u00e8re communaut\u00e9 chr\u00e9tienne o\u00f9 Etienne, le premier diacre, est aussi le premier martyr du christianisme et o\u00f9 Saul, d\u2019abord pers\u00e9cuteur des chr\u00e9tiens, apr\u00e8s une r\u00e9v\u00e9lation sur le chemin de Damas, devient saint Paul, l\u2019un des piliers de l\u2019Eglise naissante et grand propagateur de la foi chr\u00e9tienne parmi les pa\u00efens. Mendelssohhn composera un deuxi\u00e8me oratorio, Elias, en 1846 \u2013 10 ans apr\u00e8s Paulus.<\/p>\r\n<p><strong>Article annon\u00e7ant nos concerts dans les Derni\u00e8res Nouvelles d&rsquo;Alsace:<\/strong><\/br>\r\n<a title=\"Article annon\u00e7ant nos concerts dans les Derni\u00e8res Nouvelles d'Alsace\" href=\"https:\/\/www.cvso.fr\/wp-content\/uploads\/2025\/11\/2025-11-13-DNA-Paulus-CW.pdf\" target=\"_blank\" rel=\"noopener\"><img loading=\"lazy\" decoding=\"async\" class=\"alignnone size-large wp-image-807\" src=\"https:\/\/www.cvso.fr\/wp-content\/uploads\/2025\/11\/Paulus-Strasbourg-16-nov-2025_Recadre.jpg\" alt=\"\" width=\"852\" height=\"630\" \/> <\/a><\/p>\r\n<h4> Des extraits sonores et visuels de nos concerts:<\/h4>\r\n Le r\u00e9citatif et le choeur final du concert de Rheinbischofsheim: <a href=\"https:\/\/www.youtube.com\/watch?v=i6Uf9B_mCUQ\" target=\"_blank\" rel=\"noopener\">lien sur youtube<\/a>\r\n<\/br>\r\n\u00ab\u00a0Hier ist des Herren Tempel\u00a0\u00bb \u00e0 Colmar: <a href=\"https:\/\/www.cvso.fr\/wp-content\/uploads\/2025\/11\/Hier-ist-des-herren-Tempel-steiniget-ihn_Colmar.mp4\" target=\"_blank\" rel=\"noopener\">Ici<\/a>\r\n<\/br>\r\n\u00ab\u00a0Aber unser Gott ist im Himmel\u00a0\u00bb \u00e0 Strasbourg (avec la participation des \u00e9l\u00e8ves du coll\u00e8ge Foch): <a href=\"https:\/\/www.cvso.fr\/wp-content\/uploads\/2025\/11\/Aber-unser-Gott-ist-im-Himmel_Strasbourg.mp4\" target=\"_blank\" rel=\"noopener\">L\u00e0<\/a>","protected":false},"excerpt":{"rendered":"<p>Novembre 2025: L&rsquo;oratorio \u00ab\u00a0Paulus\u00a0\u00bb de Mendelssohn a \u00e9t\u00e9 donn\u00e9 en trois concerts: &#8211; Le vendredi 14\/11 au \u00ab\u00a0Hanauer Dom\u00a0\u00bb de Rheinbischofsheim. &#8211; Le samedi 15\/11 en l&rsquo;\u00e9glise Saint Matthieu de Colmar. &#8211; Le dimanche 16\/11 en l&rsquo;\u00e9glise Saint Thomas de Strasbourg. Avec la participation du choeur Koinon\u00eda de Vienne. Les<\/p>\n","protected":false},"author":1,"featured_media":0,"parent":0,"menu_order":0,"comment_status":"closed","ping_status":"closed","template":"","meta":{"footnotes":""},"class_list":["post-989","page","type-page","status-publish","hentry"],"yoast_head":"<!-- This site is optimized with the Yoast SEO plugin v27.2 - https:\/\/yoast.com\/product\/yoast-seo-wordpress\/ -->\n<title>Novembre 2025: &quot;Paulus&quot; de Mendelssohn - Collegium Vocale Strasbourg Ortenau<\/title>\n<meta name=\"robots\" content=\"index, follow, max-snippet:-1, max-image-preview:large, max-video-preview:-1\" \/>\n<link rel=\"canonical\" href=\"https:\/\/www.cvso.fr\/?page_id=989\" \/>\n<meta property=\"og:locale\" content=\"fr_FR\" \/>\n<meta property=\"og:type\" content=\"article\" \/>\n<meta property=\"og:title\" content=\"Novembre 2025: &quot;Paulus&quot; de Mendelssohn - Collegium Vocale Strasbourg Ortenau\" \/>\n<meta property=\"og:description\" content=\"Novembre 2025: L&rsquo;oratorio \u00ab\u00a0Paulus\u00a0\u00bb de Mendelssohn a \u00e9t\u00e9 donn\u00e9 en trois concerts: &#8211; Le vendredi 14\/11 au \u00ab\u00a0Hanauer Dom\u00a0\u00bb de Rheinbischofsheim. &#8211; Le samedi 15\/11 en l&rsquo;\u00e9glise Saint Matthieu de Colmar. &#8211; Le dimanche 16\/11 en l&rsquo;\u00e9glise Saint Thomas de Strasbourg. Avec la participation du choeur Koinon\u00eda de Vienne. Les\" \/>\n<meta property=\"og:url\" content=\"https:\/\/www.cvso.fr\/?page_id=989\" \/>\n<meta property=\"og:site_name\" content=\"Collegium Vocale Strasbourg Ortenau\" \/>\n<meta property=\"article:modified_time\" content=\"2025-11-22T10:31:18+00:00\" \/>\n<meta property=\"og:image\" content=\"https:\/\/www.cvso.fr\/wp-content\/uploads\/2025\/10\/Concert-Paulus-15-nov-2025-19-H-Saint-Matthieu-Colmar.jpg\" \/>\n<meta name=\"twitter:card\" content=\"summary_large_image\" \/>\n<meta name=\"twitter:label1\" content=\"Dur\u00e9e de lecture estim\u00e9e\" \/>\n\t<meta name=\"twitter:data1\" content=\"3 minutes\" \/>\n<script type=\"application\/ld+json\" class=\"yoast-schema-graph\">{\"@context\":\"https:\/\/schema.org\",\"@graph\":[{\"@type\":\"WebPage\",\"@id\":\"https:\/\/www.cvso.fr\/?page_id=989\",\"url\":\"https:\/\/www.cvso.fr\/?page_id=989\",\"name\":\"Novembre 2025: \\\"Paulus\\\" de Mendelssohn - Collegium Vocale Strasbourg Ortenau\",\"isPartOf\":{\"@id\":\"https:\/\/www.cvso.fr\/#website\"},\"primaryImageOfPage\":{\"@id\":\"https:\/\/www.cvso.fr\/?page_id=989#primaryimage\"},\"image\":{\"@id\":\"https:\/\/www.cvso.fr\/?page_id=989#primaryimage\"},\"thumbnailUrl\":\"https:\/\/www.cvso.fr\/wp-content\/uploads\/2025\/10\/Concert-Paulus-15-nov-2025-19-H-Saint-Matthieu-Colmar.jpg\",\"datePublished\":\"2025-11-22T09:01:22+00:00\",\"dateModified\":\"2025-11-22T10:31:18+00:00\",\"breadcrumb\":{\"@id\":\"https:\/\/www.cvso.fr\/?page_id=989#breadcrumb\"},\"inLanguage\":\"fr-FR\",\"potentialAction\":[{\"@type\":\"ReadAction\",\"target\":[\"https:\/\/www.cvso.fr\/?page_id=989\"]}]},{\"@type\":\"ImageObject\",\"inLanguage\":\"fr-FR\",\"@id\":\"https:\/\/www.cvso.fr\/?page_id=989#primaryimage\",\"url\":\"https:\/\/www.cvso.fr\/wp-content\/uploads\/2025\/10\/Concert-Paulus-15-nov-2025-19-H-Saint-Matthieu-Colmar.jpg\",\"contentUrl\":\"https:\/\/www.cvso.fr\/wp-content\/uploads\/2025\/10\/Concert-Paulus-15-nov-2025-19-H-Saint-Matthieu-Colmar.jpg\",\"width\":847,\"height\":1196},{\"@type\":\"BreadcrumbList\",\"@id\":\"https:\/\/www.cvso.fr\/?page_id=989#breadcrumb\",\"itemListElement\":[{\"@type\":\"ListItem\",\"position\":1,\"name\":\"Accueil\",\"item\":\"https:\/\/www.cvso.fr\/\"},{\"@type\":\"ListItem\",\"position\":2,\"name\":\"Novembre 2025: \u00ab\u00a0Paulus\u00a0\u00bb de Mendelssohn\"}]},{\"@type\":\"WebSite\",\"@id\":\"https:\/\/www.cvso.fr\/#website\",\"url\":\"https:\/\/www.cvso.fr\/\",\"name\":\"Collegium Vocale Strasbourg Ortenau\",\"description\":\"En avant la musique!\",\"potentialAction\":[{\"@type\":\"SearchAction\",\"target\":{\"@type\":\"EntryPoint\",\"urlTemplate\":\"https:\/\/www.cvso.fr\/?s={search_term_string}\"},\"query-input\":{\"@type\":\"PropertyValueSpecification\",\"valueRequired\":true,\"valueName\":\"search_term_string\"}}],\"inLanguage\":\"fr-FR\"}]}<\/script>\n<!-- \/ Yoast SEO plugin. -->","yoast_head_json":{"title":"Novembre 2025: \"Paulus\" de Mendelssohn - Collegium Vocale Strasbourg Ortenau","robots":{"index":"index","follow":"follow","max-snippet":"max-snippet:-1","max-image-preview":"max-image-preview:large","max-video-preview":"max-video-preview:-1"},"canonical":"https:\/\/www.cvso.fr\/?page_id=989","og_locale":"fr_FR","og_type":"article","og_title":"Novembre 2025: \"Paulus\" de Mendelssohn - Collegium Vocale Strasbourg Ortenau","og_description":"Novembre 2025: L&rsquo;oratorio \u00ab\u00a0Paulus\u00a0\u00bb de Mendelssohn a \u00e9t\u00e9 donn\u00e9 en trois concerts: &#8211; Le vendredi 14\/11 au \u00ab\u00a0Hanauer Dom\u00a0\u00bb de Rheinbischofsheim. &#8211; Le samedi 15\/11 en l&rsquo;\u00e9glise Saint Matthieu de Colmar. &#8211; Le dimanche 16\/11 en l&rsquo;\u00e9glise Saint Thomas de Strasbourg. Avec la participation du choeur Koinon\u00eda de Vienne. Les","og_url":"https:\/\/www.cvso.fr\/?page_id=989","og_site_name":"Collegium Vocale Strasbourg Ortenau","article_modified_time":"2025-11-22T10:31:18+00:00","og_image":[{"url":"https:\/\/www.cvso.fr\/wp-content\/uploads\/2025\/10\/Concert-Paulus-15-nov-2025-19-H-Saint-Matthieu-Colmar.jpg","type":"","width":"","height":""}],"twitter_card":"summary_large_image","twitter_misc":{"Dur\u00e9e de lecture estim\u00e9e":"3 minutes"},"schema":{"@context":"https:\/\/schema.org","@graph":[{"@type":"WebPage","@id":"https:\/\/www.cvso.fr\/?page_id=989","url":"https:\/\/www.cvso.fr\/?page_id=989","name":"Novembre 2025: \"Paulus\" de Mendelssohn - Collegium Vocale Strasbourg Ortenau","isPartOf":{"@id":"https:\/\/www.cvso.fr\/#website"},"primaryImageOfPage":{"@id":"https:\/\/www.cvso.fr\/?page_id=989#primaryimage"},"image":{"@id":"https:\/\/www.cvso.fr\/?page_id=989#primaryimage"},"thumbnailUrl":"https:\/\/www.cvso.fr\/wp-content\/uploads\/2025\/10\/Concert-Paulus-15-nov-2025-19-H-Saint-Matthieu-Colmar.jpg","datePublished":"2025-11-22T09:01:22+00:00","dateModified":"2025-11-22T10:31:18+00:00","breadcrumb":{"@id":"https:\/\/www.cvso.fr\/?page_id=989#breadcrumb"},"inLanguage":"fr-FR","potentialAction":[{"@type":"ReadAction","target":["https:\/\/www.cvso.fr\/?page_id=989"]}]},{"@type":"ImageObject","inLanguage":"fr-FR","@id":"https:\/\/www.cvso.fr\/?page_id=989#primaryimage","url":"https:\/\/www.cvso.fr\/wp-content\/uploads\/2025\/10\/Concert-Paulus-15-nov-2025-19-H-Saint-Matthieu-Colmar.jpg","contentUrl":"https:\/\/www.cvso.fr\/wp-content\/uploads\/2025\/10\/Concert-Paulus-15-nov-2025-19-H-Saint-Matthieu-Colmar.jpg","width":847,"height":1196},{"@type":"BreadcrumbList","@id":"https:\/\/www.cvso.fr\/?page_id=989#breadcrumb","itemListElement":[{"@type":"ListItem","position":1,"name":"Accueil","item":"https:\/\/www.cvso.fr\/"},{"@type":"ListItem","position":2,"name":"Novembre 2025: \u00ab\u00a0Paulus\u00a0\u00bb de Mendelssohn"}]},{"@type":"WebSite","@id":"https:\/\/www.cvso.fr\/#website","url":"https:\/\/www.cvso.fr\/","name":"Collegium Vocale Strasbourg Ortenau","description":"En avant la musique!","potentialAction":[{"@type":"SearchAction","target":{"@type":"EntryPoint","urlTemplate":"https:\/\/www.cvso.fr\/?s={search_term_string}"},"query-input":{"@type":"PropertyValueSpecification","valueRequired":true,"valueName":"search_term_string"}}],"inLanguage":"fr-FR"}]}},"_links":{"self":[{"href":"https:\/\/www.cvso.fr\/index.php?rest_route=\/wp\/v2\/pages\/989","targetHints":{"allow":["GET"]}}],"collection":[{"href":"https:\/\/www.cvso.fr\/index.php?rest_route=\/wp\/v2\/pages"}],"about":[{"href":"https:\/\/www.cvso.fr\/index.php?rest_route=\/wp\/v2\/types\/page"}],"author":[{"embeddable":true,"href":"https:\/\/www.cvso.fr\/index.php?rest_route=\/wp\/v2\/users\/1"}],"replies":[{"embeddable":true,"href":"https:\/\/www.cvso.fr\/index.php?rest_route=%2Fwp%2Fv2%2Fcomments&post=989"}],"version-history":[{"count":13,"href":"https:\/\/www.cvso.fr\/index.php?rest_route=\/wp\/v2\/pages\/989\/revisions"}],"predecessor-version":[{"id":1015,"href":"https:\/\/www.cvso.fr\/index.php?rest_route=\/wp\/v2\/pages\/989\/revisions\/1015"}],"wp:attachment":[{"href":"https:\/\/www.cvso.fr\/index.php?rest_route=%2Fwp%2Fv2%2Fmedia&parent=989"}],"curies":[{"name":"wp","href":"https:\/\/api.w.org\/{rel}","templated":true}]}}